{"id":3942,"date":"2020-04-02T17:53:51","date_gmt":"2020-04-02T17:53:51","guid":{"rendered":"http:\/\/www.ccgraphics.pt\/?page_id=3942"},"modified":"2022-09-06T14:53:40","modified_gmt":"2022-09-06T14:53:40","slug":"sobre-nos","status":"publish","type":"page","link":"https:\/\/ccgraphics.pt\/en\/sobre-nos\/","title":{"rendered":"About Us"},"content":{"rendered":"<p> Equipa jovem e din\u00e2mica, apaixonados pelo mundo dos desportos radicais. <\/p><p>Uma paix\u00e3o a cooperar com a possibilidade de produzir as nossas ideias e ideias de cada um para que tenha um visibilidade superior em v\u00e1rios desportos. <\/p><p>Dispomos de produ\u00e7\u00e3o pr\u00f3pria, desde o come\u00e7o at\u00e9 ao fim.<\/p><p>Comprova com os nossos produtos!<\/p><p>There are a variety of resources online to find a professional essay writer. Search engines are one of the most efficient ways to discover a skilled writer. Many people who have difficulty in the <a href=\"https:\/\/termpaperwriter.org\/free-research-paper\">term papers for free<\/a> search for a professional paper writer aren&#8217;t using this tool to its full capacity. \n<\/p>","protected":false},"excerpt":{"rendered":"<p>Equipa jovem e din\u00e2mica, apaixonados pelo mundo dos desportos radicais. Uma paix\u00e3o a cooperar com a possibilidade de produzir as nossas ideias e ideias de cada um para que tenha um visibilidade superior em v\u00e1rios desportos. Dispomos de produ\u00e7\u00e3o pr\u00f3pria, desde o come\u00e7o at\u00e9 ao fim. Comprova com os nossos&hellip; <\/p>","protected":false},"author":1,"featured_media":0,"parent":0,"menu_order":0,"comment_status":"closed","ping_status":"closed","template":"","meta":{"footnotes":""},"_links":{"self":[{"href":"https:\/\/ccgraphics.pt\/en\/wp-json\/wp\/v2\/pages\/3942"}],"collection":[{"href":"https:\/\/ccgraphics.pt\/en\/wp-json\/wp\/v2\/pages"}],"about":[{"href":"https:\/\/ccgraphics.pt\/en\/wp-json\/wp\/v2\/types\/page"}],"author":[{"embeddable":true,"href":"https:\/\/ccgraphics.pt\/en\/wp-json\/wp\/v2\/users\/1"}],"replies":[{"embeddable":true,"href":"https:\/\/ccgraphics.pt\/en\/wp-json\/wp\/v2\/comments?post=3942"}],"version-history":[{"count":3,"href":"https:\/\/ccgraphics.pt\/en\/wp-json\/wp\/v2\/pages\/3942\/revisions"}],"predecessor-version":[{"id":5033,"href":"https:\/\/ccgraphics.pt\/en\/wp-json\/wp\/v2\/pages\/3942\/revisions\/5033"}],"wp:attachment":[{"href":"https:\/\/ccgraphics.pt\/en\/wp-json\/wp\/v2\/media?parent=3942"}],"curies":[{"name":"wp","href":"https:\/\/api.w.org\/{rel}","templated":true}]}}