{"id":3983,"date":"2020-04-03T09:34:46","date_gmt":"2020-04-03T09:34:46","guid":{"rendered":"http:\/\/www.ccgraphics.pt\/?post_type=product&#038;p=3983"},"modified":"2022-09-26T17:46:48","modified_gmt":"2022-09-26T17:46:48","slug":"cavalete","status":"publish","type":"product","link":"https:\/\/ccgraphics.pt\/en\/shop\/pecas\/cavaletes\/cavalete\/","title":{"rendered":"Cavalete"},"content":{"rendered":"<p>Cavelete Polisport decorado a seu gosto<\/p>\n<p>Para decora\u00e7\u00e3o enviar email cc@ccgraphics.pt ou pelo contatos telef\u00f3nicos<\/p>","protected":false},"excerpt":{"rendered":"<p>Cavelete Polisport decorado a seu gosto<\/p>\n<p>Para decora\u00e7\u00e3o enviar email cc@ccgraphics.pt ou pelo contatos telef\u00f3nicos<\/p>","protected":false},"featured_media":3984,"comment_status":"open","ping_status":"closed","template":"","meta":[],"product_cat":[473,449],"product_tag":[],"_links":{"self":[{"href":"https:\/\/ccgraphics.pt\/en\/wp-json\/wp\/v2\/product\/3983"}],"collection":[{"href":"https:\/\/ccgraphics.pt\/en\/wp-json\/wp\/v2\/product"}],"about":[{"href":"https:\/\/ccgraphics.pt\/en\/wp-json\/wp\/v2\/types\/product"}],"replies":[{"embeddable":true,"href":"https:\/\/ccgraphics.pt\/en\/wp-json\/wp\/v2\/comments?post=3983"}],"wp:featuredmedia":[{"embeddable":true,"href":"https:\/\/ccgraphics.pt\/en\/wp-json\/wp\/v2\/media\/3984"}],"wp:attachment":[{"href":"https:\/\/ccgraphics.pt\/en\/wp-json\/wp\/v2\/media?parent=3983"}],"wp:term":[{"taxonomy":"product_cat","embeddable":true,"href":"https:\/\/ccgraphics.pt\/en\/wp-json\/wp\/v2\/product_cat?post=3983"},{"taxonomy":"product_tag","embeddable":true,"href":"https:\/\/ccgraphics.pt\/en\/wp-json\/wp\/v2\/product_tag?post=3983"}],"curies":[{"name":"wp","href":"https:\/\/api.w.org\/{rel}","templated":true}]}}